{"id":62,"date":"2023-04-11T07:59:44","date_gmt":"2023-04-11T07:59:44","guid":{"rendered":"https:\/\/wuv.com.mx\/index.php\/checkout\/"},"modified":"2023-08-31T19:17:52","modified_gmt":"2023-08-31T19:17:52","slug":"checkout","status":"publish","type":"page","link":"https:\/\/wuv.com.mx\/index.php\/checkout\/","title":{"rendered":"Checkout"},"content":{"rendered":"\t\t<div data-elementor-type=\"wp-page\" data-elementor-id=\"62\" class=\"elementor elementor-62\" data-elementor-post-type=\"page\">\n\t\t\t\t\t\t<section class=\"elementor-section elementor-top-section elementor-element elementor-element-1c9d1f0c elementor-section-boxed elementor-section-height-default elementor-section-height-default\" data-id=\"1c9d1f0c\" data-element_type=\"section\" data-e-type=\"section\">\n\t\t\t\t\t\t<div class=\"elementor-container elementor-column-gap-default\">\n\t\t\t\t\t<div class=\"elementor-column elementor-col-100 elementor-top-column elementor-element elementor-element-1f364bb0\" data-id=\"1f364bb0\" data-element_type=\"column\" data-e-type=\"column\">\n\t\t\t<div class=\"elementor-widget-wrap elementor-element-populated\">\n\t\t\t\t\t\t<div class=\"elementor-element elementor-element-42cbc348 elementor-widget elementor-widget-heading\" data-id=\"42cbc348\" data-element_type=\"widget\" data-e-type=\"widget\" data-widget_type=\"heading.default\">\n\t\t\t\t<div class=\"elementor-widget-container\">\n\t\t\t\t\t<h1 class=\"elementor-heading-title elementor-size-default\">\u00a1Finaliza tu compra!<\/h1>\t\t\t\t<\/div>\n\t\t\t\t<\/div>\n\t\t\t\t<div class=\"elementor-element elementor-element-569b64a3 elementor-widget__width-inherit e-checkout-layout-one-column elementor-invisible elementor-widget elementor-widget-woocommerce-checkout-page\" data-id=\"569b64a3\" data-element_type=\"widget\" data-e-type=\"widget\" data-settings=\"{&quot;_animation&quot;:&quot;slideInDown&quot;}\" data-widget_type=\"woocommerce-checkout-page.default\">\n\t\t\t\t<div class=\"elementor-widget-container\">\n\t\t\t\t\t<div class=\"woocommerce\"><\/div>\t\t\t\t<\/div>\n\t\t\t\t<\/div>\n\t\t\t\t\t<\/div>\n\t\t<\/div>\n\t\t\t\t\t<\/div>\n\t\t<\/section>\n\t\t<div class=\"elementor-element elementor-element-55b2d0e e-flex e-con-boxed e-con e-parent\" data-id=\"55b2d0e\" data-element_type=\"container\" data-e-type=\"container\">\n\t\t\t\t\t<div class=\"e-con-inner\">\n\t\t\t\t<div class=\"elementor-element elementor-element-c43457d elementor-widget elementor-widget-heading\" data-id=\"c43457d\" data-element_type=\"widget\" data-e-type=\"widget\" data-widget_type=\"heading.default\">\n\t\t\t\t<div class=\"elementor-widget-container\">\n\t\t\t\t\t<h2 class=\"elementor-heading-title elementor-size-default\">\u00bfNo olvidas algo? <\/h2>\t\t\t\t<\/div>\n\t\t\t\t<\/div>\n\t\t\t\t\t<\/div>\n\t\t\t\t<\/div>\n\t\t<div class=\"elementor-element elementor-element-7a083e5 e-flex e-con-boxed e-con e-parent\" data-id=\"7a083e5\" data-element_type=\"container\" data-e-type=\"container\">\n\t\t\t\t\t<div class=\"e-con-inner\">\n\t\t\t\t\t<\/div>\n\t\t\t\t<\/div>\n\t\t<div class=\"elementor-element elementor-element-3ebac01 e-flex e-con-boxed e-con e-parent\" data-id=\"3ebac01\" data-element_type=\"container\" data-e-type=\"container\">\n\t\t\t\t\t<div class=\"e-con-inner\">\n\t\t\t\t<div class=\"elementor-element elementor-element-d2513a9 elementor-grid-4 elementor-grid-tablet-3 elementor-grid-mobile-2 elementor-products-grid elementor-wc-products elementor-widget elementor-widget-woocommerce-products\" data-id=\"d2513a9\" data-element_type=\"widget\" data-e-type=\"widget\" data-widget_type=\"woocommerce-products.default\">\n\t\t\t\t<div class=\"elementor-widget-container\">\n\t\t\t\t\t<div class=\"woocommerce columns-4 \"><ul class=\"products elementor-grid columns-4\">\n<li class=\"product type-product post-3925 status-publish first instock product_cat-wuv-originals has-post-thumbnail shipping-taxable purchasable product-type-variable\">\n\t<a href=\"https:\/\/wuv.com.mx\/index.php\/producto\/funkos-by-wuv-descargalos-gratis\/\" class=\"woocommerce-LoopProduct-link woocommerce-loop-product__link\"><img fetchpriority=\"high\" decoding=\"async\" width=\"324\" height=\"324\" src=\"https:\/\/wuv.com.mx\/wp-content\/uploads\/2023\/04\/Funkosgratis1-324x324.png\" class=\"attachment-woocommerce_thumbnail size-woocommerce_thumbnail\" alt=\"Funkos by WUV descargalos GRATIS\" srcset=\"https:\/\/wuv.com.mx\/wp-content\/uploads\/2023\/04\/Funkosgratis1-324x324.png 324w, https:\/\/wuv.com.mx\/wp-content\/uploads\/2023\/04\/Funkosgratis1-150x150.png 150w, https:\/\/wuv.com.mx\/wp-content\/uploads\/2023\/04\/Funkosgratis1-100x100.png 100w\" sizes=\"(max-width: 324px) 100vw, 324px\" \/><h2 class=\"woocommerce-loop-product__title\">Funkos by WUV descargalos GRATIS<\/h2>\n\t<span class=\"price\"><span class=\"woocommerce-Price-amount amount\"><bdi><span class=\"woocommerce-Price-currencySymbol\">&#36;<\/span>0.00<\/bdi><\/span><\/span>\n<\/a><div class=\"woocommerce-loop-product__buttons\"><a href=\"https:\/\/wuv.com.mx\/index.php\/producto\/funkos-by-wuv-descargalos-gratis\/\" aria-describedby=\"woocommerce_loop_add_to_cart_link_describedby_3925\" data-quantity=\"1\" class=\"button product_type_variable add_to_cart_button\" data-product_id=\"3925\" data-product_sku=\"wuv-0006\" aria-label=\"Select options for &ldquo;Funkos by WUV descargalos GRATIS&rdquo;\" rel=\"nofollow\">Select options<\/a><\/div>\t<span id=\"woocommerce_loop_add_to_cart_link_describedby_3925\" class=\"screen-reader-text\">\n\t\tThis product has multiple variants. The options may be chosen on the product page\t<\/span>\n<\/li>\n<li class=\"product type-product post-5004 status-publish outofstock product_cat-merch-oficial has-post-thumbnail shipping-taxable purchasable product-type-variable\">\n\t<a href=\"https:\/\/wuv.com.mx\/index.php\/producto\/rifa-de-aniversario-wuv\/\" class=\"woocommerce-LoopProduct-link woocommerce-loop-product__link\"><img decoding=\"async\" width=\"324\" height=\"324\" src=\"https:\/\/wuv.com.mx\/wp-content\/uploads\/2023\/09\/1000124735-324x324.jpg\" class=\"attachment-woocommerce_thumbnail size-woocommerce_thumbnail\" alt=\"Rifa de aniversario wuv\" srcset=\"https:\/\/wuv.com.mx\/wp-content\/uploads\/2023\/09\/1000124735-324x324.jpg 324w, https:\/\/wuv.com.mx\/wp-content\/uploads\/2023\/09\/1000124735-300x300.jpg 300w, https:\/\/wuv.com.mx\/wp-content\/uploads\/2023\/09\/1000124735-1024x1024.jpg 1024w, https:\/\/wuv.com.mx\/wp-content\/uploads\/2023\/09\/1000124735-150x150.jpg 150w, https:\/\/wuv.com.mx\/wp-content\/uploads\/2023\/09\/1000124735-768x768.jpg 768w, https:\/\/wuv.com.mx\/wp-content\/uploads\/2023\/09\/1000124735-416x416.jpg 416w, https:\/\/wuv.com.mx\/wp-content\/uploads\/2023\/09\/1000124735-100x100.jpg 100w, https:\/\/wuv.com.mx\/wp-content\/uploads\/2023\/09\/1000124735.jpg 1225w\" sizes=\"(max-width: 324px) 100vw, 324px\" \/><h2 class=\"woocommerce-loop-product__title\">Rifa de aniversario wuv<\/h2>\n\t<span class=\"price\"><span class=\"woocommerce-Price-amount amount\" aria-hidden=\"true\"><bdi><span class=\"woocommerce-Price-currencySymbol\">&#36;<\/span>85.00<\/bdi><\/span> <span aria-hidden=\"true\">&ndash;<\/span> <span class=\"woocommerce-Price-amount amount\" aria-hidden=\"true\"><bdi><span class=\"woocommerce-Price-currencySymbol\">&#36;<\/span>650.00<\/bdi><\/span><span class=\"screen-reader-text\">Price range: &#36;85.00 through &#36;650.00<\/span><\/span>\n<\/a><div class=\"woocommerce-loop-product__buttons\"><a href=\"https:\/\/wuv.com.mx\/index.php\/producto\/rifa-de-aniversario-wuv\/\" aria-describedby=\"woocommerce_loop_add_to_cart_link_describedby_5004\" data-quantity=\"1\" class=\"button product_type_variable\" data-product_id=\"5004\" data-product_sku=\"wuv-0565\" aria-label=\"Select options for &ldquo;Rifa de aniversario wuv&rdquo;\" rel=\"nofollow\">Select options<\/a><\/div>\t<span id=\"woocommerce_loop_add_to_cart_link_describedby_5004\" class=\"screen-reader-text\">\n\t\tThis product has multiple variants. The options may be chosen on the product page\t<\/span>\n<\/li>\n<li class=\"product type-product post-4267 status-publish instock product_cat-comics product_cat-en-coreano has-post-thumbnail sale shipping-taxable purchasable product-type-variable\">\n\t<a href=\"https:\/\/wuv.com.mx\/index.php\/producto\/pintor-nocturno-manhwa-original-en-coreano\/\" class=\"woocommerce-LoopProduct-link woocommerce-loop-product__link\"><img decoding=\"async\" width=\"324\" height=\"324\" src=\"https:\/\/wuv.com.mx\/wp-content\/uploads\/2023\/04\/pintornocturnokoreavol3-324x324.png\" class=\"attachment-woocommerce_thumbnail size-woocommerce_thumbnail\" alt=\"Pintor Nocturno Manhwa Original en Coreano\" srcset=\"https:\/\/wuv.com.mx\/wp-content\/uploads\/2023\/04\/pintornocturnokoreavol3-324x324.png 324w, https:\/\/wuv.com.mx\/wp-content\/uploads\/2023\/04\/pintornocturnokoreavol3-100x100.png 100w, https:\/\/wuv.com.mx\/wp-content\/uploads\/2023\/04\/pintornocturnokoreavol3-150x150.png 150w\" sizes=\"(max-width: 324px) 100vw, 324px\" \/><h2 class=\"woocommerce-loop-product__title\">Pintor Nocturno Manhwa Original en Coreano<\/h2>\n\t<span class=\"onsale\">Sale!<\/span>\n\t\n\t<span class=\"price\"><span class=\"woocommerce-Price-amount amount\" aria-hidden=\"true\"><bdi><span class=\"woocommerce-Price-currencySymbol\">&#36;<\/span>526.00<\/bdi><\/span> <span aria-hidden=\"true\">&ndash;<\/span> <span class=\"woocommerce-Price-amount amount\" aria-hidden=\"true\"><bdi><span class=\"woocommerce-Price-currencySymbol\">&#36;<\/span>1,295.00<\/bdi><\/span><span class=\"screen-reader-text\">Price range: &#36;526.00 through &#36;1,295.00<\/span><\/span>\n<\/a><div class=\"woocommerce-loop-product__buttons\"><a href=\"https:\/\/wuv.com.mx\/index.php\/producto\/pintor-nocturno-manhwa-original-en-coreano\/\" aria-describedby=\"woocommerce_loop_add_to_cart_link_describedby_4267\" data-quantity=\"1\" class=\"button product_type_variable add_to_cart_button\" data-product_id=\"4267\" data-product_sku=\"wuv-0326\" aria-label=\"Select options for &ldquo;Pintor Nocturno Manhwa Original en Coreano&rdquo;\" rel=\"nofollow\">Select options<\/a><\/div>\t<span id=\"woocommerce_loop_add_to_cart_link_describedby_4267\" class=\"screen-reader-text\">\n\t\tThis product has multiple variants. The options may be chosen on the product page\t<\/span>\n<\/li>\n<li class=\"product type-product post-7062 status-publish last outofstock product_cat-bl-merch product_cat-merch-oficial has-post-thumbnail sale shipping-taxable purchasable product-type-simple\">\n\t<a href=\"https:\/\/wuv.com.mx\/index.php\/producto\/lezhin-seasons-greetings-2025\/\" class=\"woocommerce-LoopProduct-link woocommerce-loop-product__link\"><img loading=\"lazy\" decoding=\"async\" width=\"324\" height=\"324\" src=\"https:\/\/wuv.com.mx\/wp-content\/uploads\/2024\/11\/img_8415-324x324.jpeg\" class=\"attachment-woocommerce_thumbnail size-woocommerce_thumbnail\" alt=\"Lezhin Season\u2019s Greetings 2025\" srcset=\"https:\/\/wuv.com.mx\/wp-content\/uploads\/2024\/11\/img_8415-324x324.jpeg 324w, https:\/\/wuv.com.mx\/wp-content\/uploads\/2024\/11\/img_8415-150x150.jpeg 150w, https:\/\/wuv.com.mx\/wp-content\/uploads\/2024\/11\/img_8415-100x100.jpeg 100w\" sizes=\"(max-width: 324px) 100vw, 324px\" \/><h2 class=\"woocommerce-loop-product__title\">Lezhin Season\u2019s Greetings 2025<\/h2>\n\t<span class=\"onsale\">Sale!<\/span>\n\t\n\t<span class=\"price\"><del aria-hidden=\"true\"><span class=\"woocommerce-Price-amount amount\"><bdi><span class=\"woocommerce-Price-currencySymbol\">&#36;<\/span>2,400.00<\/bdi><\/span><\/del> <span class=\"screen-reader-text\">Original price was: &#036;2,400.00.<\/span><ins aria-hidden=\"true\"><span class=\"woocommerce-Price-amount amount\"><bdi><span class=\"woocommerce-Price-currencySymbol\">&#36;<\/span>2,240.00<\/bdi><\/span><\/ins><span class=\"screen-reader-text\">Current price is: &#036;2,240.00.<\/span><\/span>\n<\/a><div class=\"woocommerce-loop-product__buttons\"><a href=\"https:\/\/wuv.com.mx\/index.php\/producto\/lezhin-seasons-greetings-2025\/\" aria-describedby=\"woocommerce_loop_add_to_cart_link_describedby_7062\" data-quantity=\"1\" class=\"button product_type_simple\" data-product_id=\"7062\" data-product_sku=\"\" aria-label=\"Read more about &ldquo;Lezhin Season\u2019s Greetings 2025&rdquo;\" rel=\"nofollow\" data-success_message=\"\">Read more<\/a><\/div>\t<span id=\"woocommerce_loop_add_to_cart_link_describedby_7062\" class=\"screen-reader-text\">\n\t\t\t<\/span>\n<\/li>\n<\/ul>\n<\/div>\t\t\t\t<\/div>\n\t\t\t\t<\/div>\n\t\t\t\t\t<\/div>\n\t\t\t\t<\/div>\n\t\t\t\t<\/div>\n\t\t","protected":false},"excerpt":{"rendered":"<p>\u00a1Finaliza tu compra! Direcci\u00f3n de Facturaci\u00f3n Nombre&nbsp;* Apellido&nbsp;* Pa\u00eds \/ Regi\u00f3n&nbsp;*M\u00e9xico Direcci\u00f3n de la calle&nbsp;* Apartamento, habitaci\u00f3n, escalera, etc.&nbsp;* Poblaci\u00f3n&nbsp;* Regi\u00f3n \/ Provincia&nbsp;*Elige una opci\u00f3n&hellip;Ciudad de M\u00e9xicoJaliscoNuevo Le\u00f3nAguascalientesBaja CaliforniaBaja California SurCampecheChiapasChihuahuaCoahuilaColimaDurangoGuanajuatoGuerreroHidalgoEstado de M\u00e9xicoMichoac\u00e1nMorelosNayaritOaxacaPueblaQuer\u00e9taroQuintana RooSan Luis Potos\u00edSinaloaSonoraTabascoTamaulipasTlaxcalaVeracruzYucat\u00e1nZacatecas C\u00f3digo postal&nbsp;* Tel\u00e9fono&nbsp;* Correo Electr\u00f3nico&nbsp;* \u00bfEnviar a una direcci\u00f3n diferente? Nombre&nbsp;* Apellidos&nbsp;* Pa\u00eds \/ Regi\u00f3n&nbsp;*M\u00e9xico Direcci\u00f3n de la calle&nbsp;* [&hellip;]<\/p>\n","protected":false},"author":1,"featured_media":0,"parent":0,"menu_order":0,"comment_status":"closed","ping_status":"closed","template":"elementor_header_footer","meta":{"footnotes":""},"class_list":["post-62","page","type-page","status-publish","hentry"],"jetpack_sharing_enabled":true,"_links":{"self":[{"href":"https:\/\/wuv.com.mx\/index.php\/wp-json\/wp\/v2\/pages\/62","targetHints":{"allow":["GET"]}}],"collection":[{"href":"https:\/\/wuv.com.mx\/index.php\/wp-json\/wp\/v2\/pages"}],"about":[{"href":"https:\/\/wuv.com.mx\/index.php\/wp-json\/wp\/v2\/types\/page"}],"author":[{"embeddable":true,"href":"https:\/\/wuv.com.mx\/index.php\/wp-json\/wp\/v2\/users\/1"}],"replies":[{"embeddable":true,"href":"https:\/\/wuv.com.mx\/index.php\/wp-json\/wp\/v2\/comments?post=62"}],"version-history":[{"count":81,"href":"https:\/\/wuv.com.mx\/index.php\/wp-json\/wp\/v2\/pages\/62\/revisions"}],"predecessor-version":[{"id":4969,"href":"https:\/\/wuv.com.mx\/index.php\/wp-json\/wp\/v2\/pages\/62\/revisions\/4969"}],"wp:attachment":[{"href":"https:\/\/wuv.com.mx\/index.php\/wp-json\/wp\/v2\/media?parent=62"}],"curies":[{"name":"wp","href":"https:\/\/api.w.org\/{rel}","templated":true}]}}