{"id":6791,"date":"2024-07-15T23:57:48","date_gmt":"2024-07-15T23:57:48","guid":{"rendered":"https:\/\/wuv.com.mx\/?page_id=6791"},"modified":"2024-07-16T00:03:43","modified_gmt":"2024-07-16T00:03:43","slug":"terminos-apartado","status":"publish","type":"page","link":"https:\/\/wuv.com.mx\/index.php\/terminos-apartado\/","title":{"rendered":""},"content":{"rendered":"\t\t<div data-elementor-type=\"wp-page\" data-elementor-id=\"6791\" class=\"elementor elementor-6791\" data-elementor-post-type=\"page\">\n\t\t\t\t<div class=\"elementor-element elementor-element-7f13152 e-con-full e-flex e-con e-parent\" data-id=\"7f13152\" data-element_type=\"container\" data-e-type=\"container\">\n\t\t\t\t<div class=\"elementor-element elementor-element-ba7ace7 elementor-widget elementor-widget-text-editor\" data-id=\"ba7ace7\" data-element_type=\"widget\" data-e-type=\"widget\" data-widget_type=\"text-editor.default\">\n\t\t\t\t<div class=\"elementor-widget-container\">\n\t\t\t\t\t\t\t\t\t<h3>\u00a0<\/h3><h2>\ud83c\udf38<strong> POL\u00cdTICAS DE APARTADO WUV<\/strong>\ud83c\udf38<\/h2><h3>\u00a0<\/h3><h3>1) Se puede apartar un producto con el <strong>50% del total<\/strong> <strong>de los productos<\/strong> + el total del env\u00edo solo si el m\u00e9todo de pago es a trav\u00e9s de <strong>transferencia o dep\u00f3sito bancario.<\/strong><\/h3><h3>2) Tendr\u00e1s hasta <strong>45 d\u00edas naturales<\/strong> despu\u00e9s del primer pago para liquidar la orden. No se enviar\u00e1 ningun producto a su domicilio hasta que la orden est\u00e9 liquidada al 100%.<\/h3><h3>3) El <strong>tiempo de env\u00edo<\/strong> del producto puede variar dependiendo de varios factores: que sea una pre-venta o se pida al extranjero. Independiente a eso, se <strong>debe liquidar en el tiempo se\u00f1alado<\/strong> (en caso de haber demora por cuestiones de producci\u00f3n o proveedores extranjeros, se notificar\u00e1 al cliente y puede haber extensiones al periodo establecido dependiendo de cada caso).<\/h3><h3>4) Si el cliente no se pone en contacto con nosotras por m\u00e1s de 50 d\u00edas naturales para liquidar su producto, este ser\u00e1 puesto en venta y se le dar\u00e1 una <strong>devoluci\u00f3n parcial<\/strong> reteniendo el 25% del costo total (productos + env\u00edo) como penalizaci\u00f3n.<\/h3><h3>5) En caso de <strong>CANCELAR<\/strong> el pedido, puede haber una devoluci\u00f3n del 100% del apartado si es dentro de las primeras 72 horas despues de haber realizado su primer pago, si es despu\u00e9s de ese tiempo, se har\u00e1 una devoluci\u00f3n parcial reteniendo el 15% del costo total (productos + env\u00edo) como penalizaci\u00f3n.<\/h3><h3>6) Si es un pedido especial, fuera de la gama de productos que trabajamos, y el cliente quiere cancelarlo, se le har\u00e1 una devoluci\u00f3n parcial reteniendo el 30% del costo total (productos + env\u00edo) como penalizaci\u00f3n.<\/h3><h3>Cualquier duda con respecto al sistema de apartado no duden en comunicarse directamente con nosotras al correo <strong>wuvworld@gmail.com <\/strong>o por mensaje directo a nuestro Instagram <strong>@WUV.MX<\/strong>.<\/h3>\t\t\t\t\t\t\t\t<\/div>\n\t\t\t\t<\/div>\n\t\t\t\t<\/div>\n\t\t\t\t<\/div>\n\t\t","protected":false},"excerpt":{"rendered":"<p>\u00a0 \ud83c\udf38 POL\u00cdTICAS DE APARTADO WUV\ud83c\udf38 \u00a0 1) Se puede apartar un producto con el 50% del total de los productos + el total del env\u00edo solo si el m\u00e9todo de pago es a trav\u00e9s de transferencia o dep\u00f3sito bancario. 2) Tendr\u00e1s hasta 45 d\u00edas naturales despu\u00e9s del primer pago para liquidar la orden. No [&hellip;]<\/p>\n","protected":false},"author":1,"featured_media":0,"parent":0,"menu_order":0,"comment_status":"closed","ping_status":"closed","template":"","meta":{"footnotes":""},"class_list":["post-6791","page","type-page","status-publish","hentry"],"jetpack_sharing_enabled":true,"_links":{"self":[{"href":"https:\/\/wuv.com.mx\/index.php\/wp-json\/wp\/v2\/pages\/6791","targetHints":{"allow":["GET"]}}],"collection":[{"href":"https:\/\/wuv.com.mx\/index.php\/wp-json\/wp\/v2\/pages"}],"about":[{"href":"https:\/\/wuv.com.mx\/index.php\/wp-json\/wp\/v2\/types\/page"}],"author":[{"embeddable":true,"href":"https:\/\/wuv.com.mx\/index.php\/wp-json\/wp\/v2\/users\/1"}],"replies":[{"embeddable":true,"href":"https:\/\/wuv.com.mx\/index.php\/wp-json\/wp\/v2\/comments?post=6791"}],"version-history":[{"count":9,"href":"https:\/\/wuv.com.mx\/index.php\/wp-json\/wp\/v2\/pages\/6791\/revisions"}],"predecessor-version":[{"id":6806,"href":"https:\/\/wuv.com.mx\/index.php\/wp-json\/wp\/v2\/pages\/6791\/revisions\/6806"}],"wp:attachment":[{"href":"https:\/\/wuv.com.mx\/index.php\/wp-json\/wp\/v2\/media?parent=6791"}],"curies":[{"name":"wp","href":"https:\/\/api.w.org\/{rel}","templated":true}]}}