{"id":3925,"date":"2023-04-19T01:43:48","date_gmt":"2023-04-19T01:43:48","guid":{"rendered":"https:\/\/wuv.com.mx\/?post_type=product&#038;p=3925"},"modified":"2024-03-15T23:03:19","modified_gmt":"2024-03-15T23:03:19","slug":"funkos-by-wuv-descargalos-gratis","status":"publish","type":"product","link":"https:\/\/wuv.com.mx\/index.php\/producto\/funkos-by-wuv-descargalos-gratis\/","title":{"rendered":"Funkos by WUV descargalos GRATIS"},"content":{"rendered":"<p>Descarga los Funkos de Regalo, \u00a1Es completamente gratis!<\/p>\n<p>\u2728\ufe0f Recuerden darnos cr\u00e9ditos al compartir \u2728\ufe0f<\/p>\n<p>\u2728\ufe0f Etiquetanos en fotos o videos cuando los hayan terminado \ud83d\ude0d<\/p>\n<p>\u2728\ufe0f Hacemos una nueva pareja, cada que vamos cumpliendo metas en instagram @wuv.mx<\/p>\n<p>\u2728\ufe0f Una vez que realizan el proceso de &#8220;compra&#8221; (recuerden que no pagan nada y tampoco necesitan ning\u00fan dato bancario), pueden ir a la secci\u00f3n de &#8220;descargas&#8221; y ah\u00ed encontrar\u00e1n todos los funkos para descargarlos.<\/p>\n","protected":false},"excerpt":{"rendered":"<p>Descarga los Funkos de Regalo, \u00a1Es completamente gratis! \u2728\ufe0f Recuerden darnos cr\u00e9ditos al compartir \u2728\ufe0f \u2728\ufe0f Etiquetanos en fotos o videos cuando los hayan terminado \ud83d\ude0d \u2728\ufe0f Hacemos una nueva pareja, cada que vamos cumpliendo metas en instagram @wuv.mx \u2728\ufe0f Una vez que realizan el proceso de &#8220;compra&#8221; (recuerden que no pagan nada y tampoco [&hellip;]<\/p>\n","protected":false},"featured_media":5561,"comment_status":"open","ping_status":"closed","template":"","meta":[],"product_brand":[],"product_cat":[28],"product_tag":[],"class_list":{"0":"post-3925","1":"product","2":"type-product","3":"status-publish","4":"has-post-thumbnail","6":"product_cat-wuv-originals","7":"product_shipping_class-envio-gratis","9":"first","10":"instock","11":"shipping-taxable","12":"purchasable","13":"product-type-variable"},"jetpack_sharing_enabled":true,"_links":{"self":[{"href":"https:\/\/wuv.com.mx\/index.php\/wp-json\/wp\/v2\/product\/3925","targetHints":{"allow":["GET"]}}],"collection":[{"href":"https:\/\/wuv.com.mx\/index.php\/wp-json\/wp\/v2\/product"}],"about":[{"href":"https:\/\/wuv.com.mx\/index.php\/wp-json\/wp\/v2\/types\/product"}],"replies":[{"embeddable":true,"href":"https:\/\/wuv.com.mx\/index.php\/wp-json\/wp\/v2\/comments?post=3925"}],"version-history":[{"count":7,"href":"https:\/\/wuv.com.mx\/index.php\/wp-json\/wp\/v2\/product\/3925\/revisions"}],"predecessor-version":[{"id":6057,"href":"https:\/\/wuv.com.mx\/index.php\/wp-json\/wp\/v2\/product\/3925\/revisions\/6057"}],"wp:featuredmedia":[{"embeddable":true,"href":"https:\/\/wuv.com.mx\/index.php\/wp-json\/wp\/v2\/media\/5561"}],"wp:attachment":[{"href":"https:\/\/wuv.com.mx\/index.php\/wp-json\/wp\/v2\/media?parent=3925"}],"wp:term":[{"taxonomy":"product_brand","embeddable":true,"href":"https:\/\/wuv.com.mx\/index.php\/wp-json\/wp\/v2\/product_brand?post=3925"},{"taxonomy":"product_cat","embeddable":true,"href":"https:\/\/wuv.com.mx\/index.php\/wp-json\/wp\/v2\/product_cat?post=3925"},{"taxonomy":"product_tag","embeddable":true,"href":"https:\/\/wuv.com.mx\/index.php\/wp-json\/wp\/v2\/product_tag?post=3925"}],"curies":[{"name":"wp","href":"https:\/\/api.w.org\/{rel}","templated":true}]}}