{"id":4194,"date":"2023-04-19T01:44:30","date_gmt":"2023-04-19T01:44:30","guid":{"rendered":"https:\/\/wuv.com.mx\/?post_type=product&#038;p=4194"},"modified":"2025-11-03T20:25:30","modified_gmt":"2025-11-03T20:25:30","slug":"love-stage-complete-edition","status":"publish","type":"product","link":"https:\/\/wuv.com.mx\/index.php\/producto\/love-stage-complete-edition\/","title":{"rendered":"Love Stage Complete Edition"},"content":{"rendered":"<p>Informaci\u00f3n:<br \/>\n* Tiempo de espera promedio es de 15-25 d\u00edas (si no hay stock disponible en M\u00e9xico)<br \/>\n* Si el producto es una pre-venta puede tardar un poco mas dependiendo de la fecha de lanzamiento.<\/p>\n<p>Si tienes alguna duda con respecto al tiempo de espera o acerca del contenido de los productos cont\u00e1ctanos en Instagram!<\/p>\n","protected":false},"excerpt":{"rendered":"<p>Informaci\u00f3n: * Tiempo de espera promedio es de 15-25 d\u00edas (si no hay stock disponible en M\u00e9xico) * Si el producto es una pre-venta puede tardar un poco mas dependiendo de la fecha de lanzamiento. Si tienes alguna duda con respecto al tiempo de espera o acerca del contenido de los productos cont\u00e1ctanos en Instagram!<\/p>\n","protected":false},"featured_media":1659,"comment_status":"open","ping_status":"closed","template":"","meta":[],"product_brand":[],"product_cat":[36,67],"product_tag":[],"class_list":{"0":"post-4194","1":"product","2":"type-product","3":"status-publish","4":"has-post-thumbnail","6":"product_cat-comics","7":"product_cat-en-japones","9":"first","10":"outofstock","11":"shipping-taxable","12":"purchasable","13":"product-type-variable"},"jetpack_sharing_enabled":true,"_links":{"self":[{"href":"https:\/\/wuv.com.mx\/index.php\/wp-json\/wp\/v2\/product\/4194","targetHints":{"allow":["GET"]}}],"collection":[{"href":"https:\/\/wuv.com.mx\/index.php\/wp-json\/wp\/v2\/product"}],"about":[{"href":"https:\/\/wuv.com.mx\/index.php\/wp-json\/wp\/v2\/types\/product"}],"replies":[{"embeddable":true,"href":"https:\/\/wuv.com.mx\/index.php\/wp-json\/wp\/v2\/comments?post=4194"}],"version-history":[{"count":1,"href":"https:\/\/wuv.com.mx\/index.php\/wp-json\/wp\/v2\/product\/4194\/revisions"}],"predecessor-version":[{"id":4210,"href":"https:\/\/wuv.com.mx\/index.php\/wp-json\/wp\/v2\/product\/4194\/revisions\/4210"}],"wp:featuredmedia":[{"embeddable":true,"href":"https:\/\/wuv.com.mx\/index.php\/wp-json\/wp\/v2\/media\/1659"}],"wp:attachment":[{"href":"https:\/\/wuv.com.mx\/index.php\/wp-json\/wp\/v2\/media?parent=4194"}],"wp:term":[{"taxonomy":"product_brand","embeddable":true,"href":"https:\/\/wuv.com.mx\/index.php\/wp-json\/wp\/v2\/product_brand?post=4194"},{"taxonomy":"product_cat","embeddable":true,"href":"https:\/\/wuv.com.mx\/index.php\/wp-json\/wp\/v2\/product_cat?post=4194"},{"taxonomy":"product_tag","embeddable":true,"href":"https:\/\/wuv.com.mx\/index.php\/wp-json\/wp\/v2\/product_tag?post=4194"}],"curies":[{"name":"wp","href":"https:\/\/api.w.org\/{rel}","templated":true}]}}