{"id":5004,"date":"2023-09-02T07:43:34","date_gmt":"2023-09-02T07:43:34","guid":{"rendered":"https:\/\/wuv.com.mx\/?post_type=product&#038;p=5004"},"modified":"2024-11-10T01:21:07","modified_gmt":"2024-11-10T01:21:07","slug":"rifa-de-aniversario-wuv","status":"publish","type":"product","link":"https:\/\/wuv.com.mx\/index.php\/producto\/rifa-de-aniversario-wuv\/","title":{"rendered":"Rifa de aniversario wuv"},"content":{"rendered":"<blockquote><p>ANUNCIO DEL GANADOR LIVE EN TIKTOK @WUVMX_ JUEVES 28 DE SEPTIEMBRE 8 PM&lt;<\/p>\n<p>&gt; Cierre de venta de boletos jueves 28 de septiembre 1 pm&lt;<\/p><\/blockquote>\n<p>\u00a1RIFA DEL TERCER ANIVERSARIO WUV!<\/p>\n<p>Wuv.mx cumple tres a\u00f1os junto a ustedes, y por eso queremos que sean parte de este hito \ud83d\udc9c<\/p>\n<p>Para celebrarlo como corresponde, les daremos la oportunidad de ganar una &#8220;Caja musical de Pintor Nocturno&#8221;, participando en nuestra rifa \ud83d\ude4a\ud83d\udc9e.<\/p>\n<p>\u2728\ufe0f\u00bfC\u00f3mo participar?\u2728\ufe0f Lee atentamente:<\/p>\n<p>\ud83c\udf38Aqu\u00ed obtendr\u00e1s tu &#8220;N\u00famero(s) de rifa&#8221;.<\/p>\n<p>~Al terminar la compra llegar\u00e1 a tu correo el detalle de esta junto a tu &#8220;C\u00f3digo de pedido&#8221;, igual al que ves cuando adquieres cualquier otro producto [ej: Pedido #5002]. Este ser\u00e1 el mismo para la cantidad de n\u00fameros que hayas obtenido en esa compra y ser\u00e1 con el cual identifiquemos a quien gane.<\/p>\n<p>~Mientras m\u00e1s &#8220;N\u00famero de rifa&#8221; tengas, m\u00e1s opciones tienes de ganar \ud83d\ude4a. El &#8220;C\u00f3digo de pedido&#8221; ser\u00e1 solo para identificar al afortunad@.<\/p>\n<p>\u2728\ufe0fPuntos a especificar\u2728\ufe0f<\/p>\n<p>\ud83c\udf38Rifa internacional: Queremos que todos los chickens sean parte de esta celebraci\u00f3n y, para eso, tenemos una meta que lograr\ud83d\ude48.<\/p>\n<p>~Si llegamos a los 42k followers en el Instagram de @Wuv.mx el 18 de septiembre, se abrir\u00e1 la opci\u00f3n para que otros pa\u00edses participen de forma autom\u00e1tica (nos reservamos la restricci\u00f3n a ciertas naciones).<\/p>\n<p>\ud83c\udf38 El live para elegir al ganador o ganadora se realizar\u00e1 el d\u00eda 28 de septiembre. La hora de esto se anunciar\u00e1 un d\u00eda antes en las historias de Instagram.<\/p>\n<p>\ud83c\udf38 El ganador o ganadora nacional (M\u00e9xico) no deber\u00e1 pagar nada extra.<\/p>\n<p>\ud83c\udf38 El ganador o ganadora internacional, dependiendo del pa\u00eds, podr\u00eda tener cargos aduanales adicionales.<\/p>\n<p>\ud83c\udf38 El ganador tendr\u00e1 24 horas para reclamar su premio, una vez que lo anunciamos en el live \ud83c\udf7e \u00a1Mucha Suerte! \u300aEn caso de no comunicarse el premio pasar\u00e1 al ganador sustituto\u300b<\/p>\n","protected":false},"excerpt":{"rendered":"<p>ANUNCIO DEL GANADOR LIVE EN TIKTOK @WUVMX_ JUEVES 28 DE SEPTIEMBRE 8 PM&lt; &gt; Cierre de venta de boletos jueves 28 de septiembre 1 pm&lt; \u00a1RIFA DEL TERCER ANIVERSARIO WUV! Wuv.mx cumple tres a\u00f1os junto a ustedes, y por eso queremos que sean parte de este hito \ud83d\udc9c Para celebrarlo como corresponde, les daremos la [&hellip;]<\/p>\n","protected":false},"featured_media":5003,"comment_status":"open","ping_status":"closed","template":"","meta":[],"product_brand":[],"product_cat":[182],"product_tag":[],"class_list":{"0":"post-5004","1":"product","2":"type-product","3":"status-publish","4":"has-post-thumbnail","6":"product_cat-merch-oficial","7":"product_shipping_class-envio-gratis","9":"first","10":"outofstock","11":"shipping-taxable","12":"purchasable","13":"product-type-variable"},"jetpack_sharing_enabled":true,"_links":{"self":[{"href":"https:\/\/wuv.com.mx\/index.php\/wp-json\/wp\/v2\/product\/5004","targetHints":{"allow":["GET"]}}],"collection":[{"href":"https:\/\/wuv.com.mx\/index.php\/wp-json\/wp\/v2\/product"}],"about":[{"href":"https:\/\/wuv.com.mx\/index.php\/wp-json\/wp\/v2\/types\/product"}],"replies":[{"embeddable":true,"href":"https:\/\/wuv.com.mx\/index.php\/wp-json\/wp\/v2\/comments?post=5004"}],"version-history":[{"count":6,"href":"https:\/\/wuv.com.mx\/index.php\/wp-json\/wp\/v2\/product\/5004\/revisions"}],"predecessor-version":[{"id":5222,"href":"https:\/\/wuv.com.mx\/index.php\/wp-json\/wp\/v2\/product\/5004\/revisions\/5222"}],"wp:featuredmedia":[{"embeddable":true,"href":"https:\/\/wuv.com.mx\/index.php\/wp-json\/wp\/v2\/media\/5003"}],"wp:attachment":[{"href":"https:\/\/wuv.com.mx\/index.php\/wp-json\/wp\/v2\/media?parent=5004"}],"wp:term":[{"taxonomy":"product_brand","embeddable":true,"href":"https:\/\/wuv.com.mx\/index.php\/wp-json\/wp\/v2\/product_brand?post=5004"},{"taxonomy":"product_cat","embeddable":true,"href":"https:\/\/wuv.com.mx\/index.php\/wp-json\/wp\/v2\/product_cat?post=5004"},{"taxonomy":"product_tag","embeddable":true,"href":"https:\/\/wuv.com.mx\/index.php\/wp-json\/wp\/v2\/product_tag?post=5004"}],"curies":[{"name":"wp","href":"https:\/\/api.w.org\/{rel}","templated":true}]}}