{"id":5068,"date":"2023-09-07T22:25:20","date_gmt":"2023-09-07T22:25:20","guid":{"rendered":"https:\/\/wuv.com.mx\/?post_type=product&#038;p=5068"},"modified":"2025-11-03T19:30:31","modified_gmt":"2025-11-03T19:30:31","slug":"define-la-relacion","status":"publish","type":"product","link":"https:\/\/wuv.com.mx\/index.php\/producto\/define-la-relacion\/","title":{"rendered":"Define la Relaci\u00f3n"},"content":{"rendered":"<p>\u2661 Tiempo de espera de 15-25 d\u00edas<\/p>\n<p>\u2661 Lanzamiento del volumen 4: 30 Septiembre 2024.<\/p>\n<p>\u2661 Vol. 4: Incluye Tira limitada de primera edici\u00f3n + tarjeta fotogr\u00e1fica + 1 marcap\u00e1ginas<\/p>\n","protected":false},"excerpt":{"rendered":"<p>\u2661 Tiempo de espera de 15-25 d\u00edas \u2661 Lanzamiento del volumen 4: 30 Septiembre 2024. \u2661 Vol. 4: Incluye Tira limitada de primera edici\u00f3n + tarjeta fotogr\u00e1fica + 1 marcap\u00e1ginas<\/p>\n","protected":false},"featured_media":5072,"comment_status":"open","ping_status":"closed","template":"","meta":[],"product_brand":[],"product_cat":[36,66],"product_tag":[],"class_list":{"0":"post-5068","1":"product","2":"type-product","3":"status-publish","4":"has-post-thumbnail","6":"product_cat-comics","7":"product_cat-en-coreano","9":"first","10":"instock","11":"sale","12":"shipping-taxable","13":"purchasable","14":"product-type-variable"},"jetpack_sharing_enabled":true,"_links":{"self":[{"href":"https:\/\/wuv.com.mx\/index.php\/wp-json\/wp\/v2\/product\/5068","targetHints":{"allow":["GET"]}}],"collection":[{"href":"https:\/\/wuv.com.mx\/index.php\/wp-json\/wp\/v2\/product"}],"about":[{"href":"https:\/\/wuv.com.mx\/index.php\/wp-json\/wp\/v2\/types\/product"}],"replies":[{"embeddable":true,"href":"https:\/\/wuv.com.mx\/index.php\/wp-json\/wp\/v2\/comments?post=5068"}],"version-history":[{"count":5,"href":"https:\/\/wuv.com.mx\/index.php\/wp-json\/wp\/v2\/product\/5068\/revisions"}],"predecessor-version":[{"id":7039,"href":"https:\/\/wuv.com.mx\/index.php\/wp-json\/wp\/v2\/product\/5068\/revisions\/7039"}],"wp:featuredmedia":[{"embeddable":true,"href":"https:\/\/wuv.com.mx\/index.php\/wp-json\/wp\/v2\/media\/5072"}],"wp:attachment":[{"href":"https:\/\/wuv.com.mx\/index.php\/wp-json\/wp\/v2\/media?parent=5068"}],"wp:term":[{"taxonomy":"product_brand","embeddable":true,"href":"https:\/\/wuv.com.mx\/index.php\/wp-json\/wp\/v2\/product_brand?post=5068"},{"taxonomy":"product_cat","embeddable":true,"href":"https:\/\/wuv.com.mx\/index.php\/wp-json\/wp\/v2\/product_cat?post=5068"},{"taxonomy":"product_tag","embeddable":true,"href":"https:\/\/wuv.com.mx\/index.php\/wp-json\/wp\/v2\/product_tag?post=5068"}],"curies":[{"name":"wp","href":"https:\/\/api.w.org\/{rel}","templated":true}]}}