{"id":5503,"date":"2023-10-25T22:11:56","date_gmt":"2023-10-25T22:11:56","guid":{"rendered":"https:\/\/wuv.com.mx\/?post_type=product&#038;p=5503"},"modified":"2025-11-03T20:02:52","modified_gmt":"2025-11-03T20:02:52","slug":"jinx-team-black-chaqueta-original","status":"publish","type":"product","link":"https:\/\/wuv.com.mx\/index.php\/producto\/jinx-team-black-chaqueta-original\/","title":{"rendered":"Jinx &#8211; Team Black Chaqueta Original"},"content":{"rendered":"<p>\u300bEnv\u00edo Inmediato.<\/p>\n<p>\u300bMedidas de la chaqueta:<\/p>\n<p>Largo total: 71cm, di\u00e1metro del pecho: 67cm, di\u00e1metro inferior 51cm, largo de mangas 61cm, di\u00e1metro de hombros: 61 cm<\/p>\n<p>\u300bSi desea reservar con el 50% y liquidar despu\u00e9s mande un DM a @wuv.mx en instagram<\/p>\n<p>(Recuerde que si reserva ya no aplica el precio de descuento y solo es v\u00e1lido por transferencia)<\/p>\n","protected":false},"excerpt":{"rendered":"<p>\u300bEnv\u00edo Inmediato. \u300bMedidas de la chaqueta: Largo total: 71cm, di\u00e1metro del pecho: 67cm, di\u00e1metro inferior 51cm, largo de mangas 61cm, di\u00e1metro de hombros: 61 cm \u300bSi desea reservar con el 50% y liquidar despu\u00e9s mande un DM a @wuv.mx en instagram (Recuerde que si reserva ya no aplica el precio de descuento y solo es [&hellip;]<\/p>\n","protected":false},"featured_media":5505,"comment_status":"open","ping_status":"closed","template":"","meta":[],"product_brand":[],"product_cat":[181,182],"product_tag":[259,187],"class_list":{"0":"post-5503","1":"product","2":"type-product","3":"status-publish","4":"has-post-thumbnail","6":"product_cat-bl-merch","7":"product_cat-merch-oficial","8":"product_tag-jinx","9":"product_tag-preventa","11":"first","12":"instock","13":"sale","14":"shipping-taxable","15":"purchasable","16":"product-type-variable"},"jetpack_sharing_enabled":true,"_links":{"self":[{"href":"https:\/\/wuv.com.mx\/index.php\/wp-json\/wp\/v2\/product\/5503","targetHints":{"allow":["GET"]}}],"collection":[{"href":"https:\/\/wuv.com.mx\/index.php\/wp-json\/wp\/v2\/product"}],"about":[{"href":"https:\/\/wuv.com.mx\/index.php\/wp-json\/wp\/v2\/types\/product"}],"replies":[{"embeddable":true,"href":"https:\/\/wuv.com.mx\/index.php\/wp-json\/wp\/v2\/comments?post=5503"}],"version-history":[{"count":4,"href":"https:\/\/wuv.com.mx\/index.php\/wp-json\/wp\/v2\/product\/5503\/revisions"}],"predecessor-version":[{"id":6036,"href":"https:\/\/wuv.com.mx\/index.php\/wp-json\/wp\/v2\/product\/5503\/revisions\/6036"}],"wp:featuredmedia":[{"embeddable":true,"href":"https:\/\/wuv.com.mx\/index.php\/wp-json\/wp\/v2\/media\/5505"}],"wp:attachment":[{"href":"https:\/\/wuv.com.mx\/index.php\/wp-json\/wp\/v2\/media?parent=5503"}],"wp:term":[{"taxonomy":"product_brand","embeddable":true,"href":"https:\/\/wuv.com.mx\/index.php\/wp-json\/wp\/v2\/product_brand?post=5503"},{"taxonomy":"product_cat","embeddable":true,"href":"https:\/\/wuv.com.mx\/index.php\/wp-json\/wp\/v2\/product_cat?post=5503"},{"taxonomy":"product_tag","embeddable":true,"href":"https:\/\/wuv.com.mx\/index.php\/wp-json\/wp\/v2\/product_tag?post=5503"}],"curies":[{"name":"wp","href":"https:\/\/api.w.org\/{rel}","templated":true}]}}