{"id":6127,"date":"2024-02-15T00:24:33","date_gmt":"2024-02-15T00:24:33","guid":{"rendered":"https:\/\/wuv.com.mx\/?post_type=product&#038;p=6127"},"modified":"2025-11-03T19:32:06","modified_gmt":"2025-11-03T19:32:06","slug":"el-gran-maestro-de-la-cultivacion-demoniaca-mdzs-espanol","status":"publish","type":"product","link":"https:\/\/wuv.com.mx\/index.php\/producto\/el-gran-maestro-de-la-cultivacion-demoniaca-mdzs-espanol\/","title":{"rendered":"El gran maestro de la cultivaci\u00f3n demon\u00edaca (MDZS) Novela Espa\u00f1ol"},"content":{"rendered":"<p>\u300bTiempo de espera de 15-20 d\u00edas<\/p>\n<p>\u300b\u00daltimo tomo disponible con beneficios pre-venta (Tom\u00f3 abierto por aduana).<\/p>\n","protected":false},"excerpt":{"rendered":"<p>\u300bTiempo de espera de 15-20 d\u00edas \u300b\u00daltimo tomo disponible con beneficios pre-venta (Tom\u00f3 abierto por aduana).<\/p>\n","protected":false},"featured_media":6131,"comment_status":"open","ping_status":"closed","template":"","meta":[],"product_brand":[],"product_cat":[36,226],"product_tag":[],"class_list":{"0":"post-6127","1":"product","2":"type-product","3":"status-publish","4":"has-post-thumbnail","6":"product_cat-comics","7":"product_cat-en-espanol","9":"first","10":"outofstock","11":"shipping-taxable","12":"purchasable","13":"product-type-variable"},"jetpack_sharing_enabled":true,"_links":{"self":[{"href":"https:\/\/wuv.com.mx\/index.php\/wp-json\/wp\/v2\/product\/6127","targetHints":{"allow":["GET"]}}],"collection":[{"href":"https:\/\/wuv.com.mx\/index.php\/wp-json\/wp\/v2\/product"}],"about":[{"href":"https:\/\/wuv.com.mx\/index.php\/wp-json\/wp\/v2\/types\/product"}],"replies":[{"embeddable":true,"href":"https:\/\/wuv.com.mx\/index.php\/wp-json\/wp\/v2\/comments?post=6127"}],"version-history":[{"count":4,"href":"https:\/\/wuv.com.mx\/index.php\/wp-json\/wp\/v2\/product\/6127\/revisions"}],"predecessor-version":[{"id":6288,"href":"https:\/\/wuv.com.mx\/index.php\/wp-json\/wp\/v2\/product\/6127\/revisions\/6288"}],"wp:featuredmedia":[{"embeddable":true,"href":"https:\/\/wuv.com.mx\/index.php\/wp-json\/wp\/v2\/media\/6131"}],"wp:attachment":[{"href":"https:\/\/wuv.com.mx\/index.php\/wp-json\/wp\/v2\/media?parent=6127"}],"wp:term":[{"taxonomy":"product_brand","embeddable":true,"href":"https:\/\/wuv.com.mx\/index.php\/wp-json\/wp\/v2\/product_brand?post=6127"},{"taxonomy":"product_cat","embeddable":true,"href":"https:\/\/wuv.com.mx\/index.php\/wp-json\/wp\/v2\/product_cat?post=6127"},{"taxonomy":"product_tag","embeddable":true,"href":"https:\/\/wuv.com.mx\/index.php\/wp-json\/wp\/v2\/product_tag?post=6127"}],"curies":[{"name":"wp","href":"https:\/\/api.w.org\/{rel}","templated":true}]}}