{"id":6978,"date":"2024-11-07T18:06:58","date_gmt":"2024-11-07T18:06:58","guid":{"rendered":"https:\/\/wuv.com.mx\/?post_type=product&#038;p=6978"},"modified":"2025-03-14T17:23:34","modified_gmt":"2025-03-14T17:23:34","slug":"lezhin-peluches-team-lezhin-kr","status":"publish","type":"product","link":"https:\/\/wuv.com.mx\/index.php\/producto\/lezhin-peluches-team-lezhin-kr\/","title":{"rendered":"Lezhin &#8211; Peluches Team Lezhin KR"},"content":{"rendered":"<p>Peluches de los personajes de Team Lezhin.<\/p>\n<p>Tama\u00f1o: 11.5 cm X 7 cm (tama\u00f1o aproximado)<\/p>\n<p>Los env\u00edos internacionales comenzar\u00e1n a finales de Enero 2025.<\/p>\n","protected":false},"excerpt":{"rendered":"<p>Peluches de los personajes de Team Lezhin. Tama\u00f1o: 11.5 cm X 7 cm (tama\u00f1o aproximado) Los env\u00edos internacionales comenzar\u00e1n a finales de Enero 2025.<\/p>\n","protected":false},"featured_media":6977,"comment_status":"open","ping_status":"closed","template":"","meta":[],"product_brand":[],"product_cat":[181,182],"product_tag":[],"class_list":{"0":"post-6978","1":"product","2":"type-product","3":"status-publish","4":"has-post-thumbnail","6":"product_cat-bl-merch","7":"product_cat-merch-oficial","9":"first","10":"instock","11":"shipping-taxable","12":"purchasable","13":"product-type-variable"},"jetpack_sharing_enabled":true,"_links":{"self":[{"href":"https:\/\/wuv.com.mx\/index.php\/wp-json\/wp\/v2\/product\/6978","targetHints":{"allow":["GET"]}}],"collection":[{"href":"https:\/\/wuv.com.mx\/index.php\/wp-json\/wp\/v2\/product"}],"about":[{"href":"https:\/\/wuv.com.mx\/index.php\/wp-json\/wp\/v2\/types\/product"}],"replies":[{"embeddable":true,"href":"https:\/\/wuv.com.mx\/index.php\/wp-json\/wp\/v2\/comments?post=6978"}],"version-history":[{"count":1,"href":"https:\/\/wuv.com.mx\/index.php\/wp-json\/wp\/v2\/product\/6978\/revisions"}],"predecessor-version":[{"id":6999,"href":"https:\/\/wuv.com.mx\/index.php\/wp-json\/wp\/v2\/product\/6978\/revisions\/6999"}],"wp:featuredmedia":[{"embeddable":true,"href":"https:\/\/wuv.com.mx\/index.php\/wp-json\/wp\/v2\/media\/6977"}],"wp:attachment":[{"href":"https:\/\/wuv.com.mx\/index.php\/wp-json\/wp\/v2\/media?parent=6978"}],"wp:term":[{"taxonomy":"product_brand","embeddable":true,"href":"https:\/\/wuv.com.mx\/index.php\/wp-json\/wp\/v2\/product_brand?post=6978"},{"taxonomy":"product_cat","embeddable":true,"href":"https:\/\/wuv.com.mx\/index.php\/wp-json\/wp\/v2\/product_cat?post=6978"},{"taxonomy":"product_tag","embeddable":true,"href":"https:\/\/wuv.com.mx\/index.php\/wp-json\/wp\/v2\/product_tag?post=6978"}],"curies":[{"name":"wp","href":"https:\/\/api.w.org\/{rel}","templated":true}]}}