{"id":7001,"date":"2024-11-08T03:38:47","date_gmt":"2024-11-08T03:38:47","guid":{"rendered":"https:\/\/wuv.com.mx\/?post_type=product&#038;p=7001"},"modified":"2025-11-03T20:51:01","modified_gmt":"2025-11-03T20:51:01","slug":"rifa-de-cumpleanos-siara","status":"publish","type":"product","link":"https:\/\/wuv.com.mx\/index.php\/producto\/rifa-de-cumpleanos-siara\/","title":{"rendered":"Rifa de cumplea\u00f1os SIARA"},"content":{"rendered":"<p>\u00a1Celebremos el cumplea\u00f1os de Siara!\u2728<\/p>\n<p>Se realizar\u00e1 una rifa con motivo de su cumplea\u00f1os donde el ganador se llevar\u00e1 1 peluche de Jaekyung original.<\/p>\n<p>La rifa se llevar\u00e1 a cabo el 24 de noviembre del 2024 mediante un live en nuestra cuenta oficial.<\/p>\n<p>El precio mostrado es por 1 boleto, cada boleto es una oportunidad m\u00e1s de ganar. La rifa solo es v\u00e1lida para personas que vivan dentro de la rep\u00fablica mexicana.<\/p>\n<p>Cualquier duda por favor comun\u00edquense por DM con nosotras en nuestro IG @wuv.mx.<\/p>\n<p>_T\u00e9rminos y Condiciones de la Rifa del Peluche Jaekyung_<\/p>\n<p>*1. Participaci\u00f3n*<\/p>\n<p>&#8211; La rifa est\u00e1 abierta a personas mayores de 18 a\u00f1os residentes en M\u00e9xico.<\/p>\n<p>*2. Duraci\u00f3n y Sorteo*<\/p>\n<p>&#8211; La rifa comenzar\u00e1 el 7 de noviembre 2024 y terminar\u00e1 el 24 de noviembre de 2024 antes del live que anuncia al ganador.<\/p>\n<p>&#8211; El sorteo se realizar\u00e1 en vivo en Instagram el 24 de noviembre de 2024.<\/p>\n<p>*3. C\u00f3mo Participar*<\/p>\n<p>&#8211; Para participar, debes comprar al menos un boleto en la p\u00e1gina web.<\/p>\n<p>&#8211; No hay l\u00edmite de compra de boletos por persona pero el total de boletos a vender ser\u00e1 de 40.<\/p>\n<p>&#8211; El n\u00famero de orden de tu compra ser\u00e1 considerado como el n\u00famero de boleto para la rifa.<\/p>\n<p>&#8211; Si compras m\u00e1s de un boleto en una misma orden, se registrar\u00e1 el n\u00famero de orden por la cantidad de boletos adquiridos.<\/p>\n<p>*4. Premio*<\/p>\n<p>&#8211; El premio es un peluche Jaekyung original del Team Lezhin.<\/p>\n<p>&#8211; No hay opci\u00f3n de cambiar el premio por dinero o otro premio.<\/p>\n<p>*5. Selecci\u00f3n del Ganador*<\/p>\n<p>&#8211; El ganador ser\u00e1 seleccionado aleatoriamente mediante sorteo en vivo en Instagram.<\/p>\n<p>&#8211; La decisi\u00f3n del organizador es final.<\/p>\n<p>*6. Notificaci\u00f3n al Ganador*<\/p>\n<p>&#8211; El ganador ser\u00e1 notificado historia en Instagram despu\u00e9s del sorteo.<\/p>\n<p>&#8211; El ganador debe responder dentro de los 3 d\u00edas h\u00e1biles para reclamar su premio, en caso de no comunicarse se entregar\u00e1 al ganador sustituto que se decidir\u00e1 el mismo 24 de noviembre.<\/p>\n<p>*7. Responsabilidad*<\/p>\n<p>&#8211; El organizador no se responsabiliza por errores t\u00e9cnicos o problemas de conexi\u00f3n que impidan la participaci\u00f3n.<\/p>\n<p>*8. Privacidad*<\/p>\n<p>&#8211; Los datos personales recopilados ser\u00e1n utilizados \u00fanicamente para la rifa y no ser\u00e1n compartidos con terceros.<\/p>\n<p>*9. Aceptaci\u00f3n*<\/p>\n<p>&#8211; Al participar, aceptas estos T\u00e9rminos y Condiciones.<\/p>\n","protected":false},"excerpt":{"rendered":"<p>\u00a1Celebremos el cumplea\u00f1os de Siara!\u2728 Se realizar\u00e1 una rifa con motivo de su cumplea\u00f1os donde el ganador se llevar\u00e1 1 peluche de Jaekyung original. La rifa se llevar\u00e1 a cabo el 24 de noviembre del 2024 mediante un live en nuestra cuenta oficial. El precio mostrado es por 1 boleto, cada boleto es una oportunidad [&hellip;]<\/p>\n","protected":false},"featured_media":7000,"comment_status":"open","ping_status":"closed","template":"","meta":[],"product_brand":[],"product_cat":[181,244],"product_tag":[],"class_list":{"0":"post-7001","1":"product","2":"type-product","3":"status-publish","4":"has-post-thumbnail","6":"product_cat-bl-merch","7":"product_cat-by-wuv","9":"first","10":"outofstock","11":"sale","12":"virtual","13":"purchasable","14":"product-type-simple"},"jetpack_sharing_enabled":true,"_links":{"self":[{"href":"https:\/\/wuv.com.mx\/index.php\/wp-json\/wp\/v2\/product\/7001","targetHints":{"allow":["GET"]}}],"collection":[{"href":"https:\/\/wuv.com.mx\/index.php\/wp-json\/wp\/v2\/product"}],"about":[{"href":"https:\/\/wuv.com.mx\/index.php\/wp-json\/wp\/v2\/types\/product"}],"replies":[{"embeddable":true,"href":"https:\/\/wuv.com.mx\/index.php\/wp-json\/wp\/v2\/comments?post=7001"}],"version-history":[{"count":1,"href":"https:\/\/wuv.com.mx\/index.php\/wp-json\/wp\/v2\/product\/7001\/revisions"}],"predecessor-version":[{"id":7002,"href":"https:\/\/wuv.com.mx\/index.php\/wp-json\/wp\/v2\/product\/7001\/revisions\/7002"}],"wp:featuredmedia":[{"embeddable":true,"href":"https:\/\/wuv.com.mx\/index.php\/wp-json\/wp\/v2\/media\/7000"}],"wp:attachment":[{"href":"https:\/\/wuv.com.mx\/index.php\/wp-json\/wp\/v2\/media?parent=7001"}],"wp:term":[{"taxonomy":"product_brand","embeddable":true,"href":"https:\/\/wuv.com.mx\/index.php\/wp-json\/wp\/v2\/product_brand?post=7001"},{"taxonomy":"product_cat","embeddable":true,"href":"https:\/\/wuv.com.mx\/index.php\/wp-json\/wp\/v2\/product_cat?post=7001"},{"taxonomy":"product_tag","embeddable":true,"href":"https:\/\/wuv.com.mx\/index.php\/wp-json\/wp\/v2\/product_tag?post=7001"}],"curies":[{"name":"wp","href":"https:\/\/api.w.org\/{rel}","templated":true}]}}