{"id":7174,"date":"2025-03-07T19:33:49","date_gmt":"2025-03-07T19:33:49","guid":{"rendered":"https:\/\/wuv.com.mx\/?post_type=product&#038;p=7174"},"modified":"2025-11-03T21:09:45","modified_gmt":"2025-11-03T21:09:45","slug":"surge-towards-you-manhwa-olas-buscandote","status":"publish","type":"product","link":"https:\/\/wuv.com.mx\/index.php\/producto\/surge-towards-you-manhwa-olas-buscandote\/","title":{"rendered":"Surge towards you Manhwa (Olas busc\u00e1ndote)"},"content":{"rendered":"<p>Fecha de lanzamiento 14 de marzo 2025.<\/p>\n<p>Vol. 1 Edici\u00f3n especial contiene:<\/p>\n<p>3 tipos de tarjetas fotogr\u00e1ficas + postal de ilustraci\u00f3n de portada + mini soporte (versi\u00f3n Danlim) + tarjeta de jugador Danlim + Danlim Korotto + p\u00f3ster autografiado + pegatina transparente + caja<\/p>\n","protected":false},"excerpt":{"rendered":"<p>Fecha de lanzamiento 14 de marzo 2025. Vol. 1 Edici\u00f3n especial contiene: 3 tipos de tarjetas fotogr\u00e1ficas + postal de ilustraci\u00f3n de portada + mini soporte (versi\u00f3n Danlim) + tarjeta de jugador Danlim + Danlim Korotto + p\u00f3ster autografiado + pegatina transparente + caja<\/p>\n","protected":false},"featured_media":7179,"comment_status":"open","ping_status":"closed","template":"","meta":[],"product_brand":[],"product_cat":[36,66],"product_tag":[286,287,285,187],"class_list":{"0":"post-7174","1":"product","2":"type-product","3":"status-publish","4":"has-post-thumbnail","6":"product_cat-comics","7":"product_cat-en-coreano","8":"product_tag-buscando","9":"product_tag-buscandote","10":"product_tag-olas","11":"product_tag-preventa","13":"first","14":"outofstock","15":"sale","16":"shipping-taxable","17":"purchasable","18":"product-type-variable"},"jetpack_sharing_enabled":true,"_links":{"self":[{"href":"https:\/\/wuv.com.mx\/index.php\/wp-json\/wp\/v2\/product\/7174","targetHints":{"allow":["GET"]}}],"collection":[{"href":"https:\/\/wuv.com.mx\/index.php\/wp-json\/wp\/v2\/product"}],"about":[{"href":"https:\/\/wuv.com.mx\/index.php\/wp-json\/wp\/v2\/types\/product"}],"replies":[{"embeddable":true,"href":"https:\/\/wuv.com.mx\/index.php\/wp-json\/wp\/v2\/comments?post=7174"}],"version-history":[{"count":1,"href":"https:\/\/wuv.com.mx\/index.php\/wp-json\/wp\/v2\/product\/7174\/revisions"}],"predecessor-version":[{"id":7181,"href":"https:\/\/wuv.com.mx\/index.php\/wp-json\/wp\/v2\/product\/7174\/revisions\/7181"}],"wp:featuredmedia":[{"embeddable":true,"href":"https:\/\/wuv.com.mx\/index.php\/wp-json\/wp\/v2\/media\/7179"}],"wp:attachment":[{"href":"https:\/\/wuv.com.mx\/index.php\/wp-json\/wp\/v2\/media?parent=7174"}],"wp:term":[{"taxonomy":"product_brand","embeddable":true,"href":"https:\/\/wuv.com.mx\/index.php\/wp-json\/wp\/v2\/product_brand?post=7174"},{"taxonomy":"product_cat","embeddable":true,"href":"https:\/\/wuv.com.mx\/index.php\/wp-json\/wp\/v2\/product_cat?post=7174"},{"taxonomy":"product_tag","embeddable":true,"href":"https:\/\/wuv.com.mx\/index.php\/wp-json\/wp\/v2\/product_tag?post=7174"}],"curies":[{"name":"wp","href":"https:\/\/api.w.org\/{rel}","templated":true}]}}