{"id":7221,"date":"2025-11-26T04:03:02","date_gmt":"2025-11-26T04:03:02","guid":{"rendered":"https:\/\/wuv.com.mx\/index.php\/producto\/lezhin-season-greetings-2026-spaklz\/"},"modified":"2026-04-12T17:29:56","modified_gmt":"2026-04-12T17:29:56","slug":"lezhin-season-greetings-2026-spaklz","status":"publish","type":"product","link":"https:\/\/wuv.com.mx\/index.php\/producto\/lezhin-season-greetings-2026-spaklz\/","title":{"rendered":"Lezhin Season\u2019s Greetings 2026 &#8211; SPAKLZ Comet"},"content":{"rendered":"<p>Contenido:<\/p>\n<ul>\n<li>Case<\/li>\n<li>AR Membership card<\/li>\n<li>Acrylic Lightstick keyring<\/li>\n<li>Group Poster<\/li>\n<li>CD<\/li>\n<li>Slogan banner<\/li>\n<li>Illustrated calendar cards (15 piezas)<\/li>\n<li>Member photocards (14 piezas)<\/li>\n<li>Unit photocards (14 piezas)<\/li>\n<\/ul>\n<p>Lanzamiento: Enero 2026<\/p>\n<p>Aparta tu producto con el 50% y termina de pagar una vez que lleguen a M\u00e9xico\u2728<\/p>\n<p>Usa e cup\u00f3n de apartado: apartawuv<\/p>\n<blockquote><p>\ud83c\udf38 POL\u00cdTICAS DE APARTADO WUV\ud83c\udf38<\/p>\n<\/blockquote>\n<blockquote><\/blockquote>\n<blockquote><p>1) Se puede apartar un producto con el 50% del total (de los productos)+ env\u00edo.<\/p>\n<\/blockquote>\n<blockquote><\/blockquote>\n<blockquote><p>2) Tendr\u00e1s hasta 30 d\u00edas despu\u00e9s de la llegada del producto a M\u00e9xico para liquidar la orden. Enviaremos un correo electr\u00f3nico avisando la llegada del producto a M\u00e9xico para que puedan liquidar su compra. No se enviar\u00e1 a su domicilio hasta que est\u00e9 liquidado al 100%.<\/p>\n<\/blockquote>\n<blockquote><\/blockquote>\n<blockquote><p>3) Si el cliente no se pone en contacto con nosotras por m\u00e1s de 50 d\u00edas para liquidar su producto, este ser\u00e1 puesto en venta y se le dar\u00e1 una devoluci\u00f3n parcial reteniendo el 25% del costo total (productos + env\u00edo) como penalizaci\u00f3n.<\/p>\n<\/blockquote>\n<blockquote><\/blockquote>\n<blockquote><p>4) En caso de CANCELAR el pedido, puede haber una devoluci\u00f3n del 100% si es dentro de las primeras 72 horas de haber realizado su primer pago, si es despu\u00e9s de ese tiempo, se har\u00e1 una devoluci\u00f3n parcial reteniendo el 15% del costo total (productos + env\u00edo) como penalizaci\u00f3n.<\/p>\n<\/blockquote>\n","protected":false},"excerpt":{"rendered":"<p>Contenido: Case AR Membership card Acrylic Lightstick keyring Group Poster CD Slogan banner Illustrated calendar cards (15 piezas) Member photocards (14 piezas) Unit photocards (14 piezas) Lanzamiento: Enero 2026 Aparta tu producto con el 50% y termina de pagar una vez que lleguen a M\u00e9xico\u2728 Usa e cup\u00f3n de apartado: apartawuv \ud83c\udf38 POL\u00cdTICAS DE APARTADO [&hellip;]<\/p>\n","protected":false},"featured_media":7220,"comment_status":"open","ping_status":"closed","template":"","meta":[],"product_brand":[],"product_cat":[181,182],"product_tag":[],"class_list":{"0":"post-7221","1":"product","2":"type-product","3":"status-publish","4":"has-post-thumbnail","6":"product_cat-bl-merch","7":"product_cat-merch-oficial","9":"first","10":"instock","11":"sale","12":"shipping-taxable","13":"purchasable","14":"product-type-simple"},"jetpack_sharing_enabled":true,"_links":{"self":[{"href":"https:\/\/wuv.com.mx\/index.php\/wp-json\/wp\/v2\/product\/7221","targetHints":{"allow":["GET"]}}],"collection":[{"href":"https:\/\/wuv.com.mx\/index.php\/wp-json\/wp\/v2\/product"}],"about":[{"href":"https:\/\/wuv.com.mx\/index.php\/wp-json\/wp\/v2\/types\/product"}],"replies":[{"embeddable":true,"href":"https:\/\/wuv.com.mx\/index.php\/wp-json\/wp\/v2\/comments?post=7221"}],"version-history":[{"count":7,"href":"https:\/\/wuv.com.mx\/index.php\/wp-json\/wp\/v2\/product\/7221\/revisions"}],"predecessor-version":[{"id":7267,"href":"https:\/\/wuv.com.mx\/index.php\/wp-json\/wp\/v2\/product\/7221\/revisions\/7267"}],"wp:featuredmedia":[{"embeddable":true,"href":"https:\/\/wuv.com.mx\/index.php\/wp-json\/wp\/v2\/media\/7220"}],"wp:attachment":[{"href":"https:\/\/wuv.com.mx\/index.php\/wp-json\/wp\/v2\/media?parent=7221"}],"wp:term":[{"taxonomy":"product_brand","embeddable":true,"href":"https:\/\/wuv.com.mx\/index.php\/wp-json\/wp\/v2\/product_brand?post=7221"},{"taxonomy":"product_cat","embeddable":true,"href":"https:\/\/wuv.com.mx\/index.php\/wp-json\/wp\/v2\/product_cat?post=7221"},{"taxonomy":"product_tag","embeddable":true,"href":"https:\/\/wuv.com.mx\/index.php\/wp-json\/wp\/v2\/product_tag?post=7221"}],"curies":[{"name":"wp","href":"https:\/\/api.w.org\/{rel}","templated":true}]}}